{"id":86,"date":"2023-11-05T23:54:56","date_gmt":"2023-11-05T23:54:56","guid":{"rendered":"https:\/\/hechoencali.com\/periodismo\/?page_id=86"},"modified":"2024-04-18T22:08:21","modified_gmt":"2024-04-18T22:08:21","slug":"nosotros","status":"publish","type":"page","link":"https:\/\/hechoencali.com\/periodismo\/nosotros\/","title":{"rendered":"Nosotros"},"content":{"rendered":"<body><p><\/p>\n<h1><\/h1>\n<p><strong>\u00bfQu\u00e9 hacemos?<\/strong><\/p>\n<div>\n<p>Hechoencali.com es un medio de comunicaci\u00f3n especializado en Derechos Humanos. No s\u00f3lo registrando denuncias, sino tambi\u00e9n su reivindicaci\u00f3n y visibilizaci\u00f3n. Las historias tienen car\u00e1cter local, pero su esencia no tiene frontera, pues las abordamos teniendo sin olvidar el contexto global.<\/p>\n<p>Las historias que contamos son el producto de investigaciones lejos del af\u00e1n noticioso, pues creemos firmemente que la sociedad merece saber m\u00e1s, conocer porqu\u00e9 sucede lo que sucede y por eso Hechoencali.com es un espacio para reconocer los Derechos Humanos m\u00e1s all\u00e1 de esas cifras inertes, fr\u00edas que desechan la esencia misma de la vida.<\/p>\n<p>Nosotros vemos con preocupaci\u00f3n que, generalmente, los derechos humanos son descritos en los medios de comunicaci\u00f3n desde lo negativo (se nombran cuando alguno es violentado), cuando hay v\u00edctimas o historias tristes para contar, pero en Hechoencali.com\u00a0 buscamos aquellas que no se cuentan, que andan por ah\u00ed sueltas mostrando las luchas por defenderlos.<\/p>\n<p>En definitiva, buscamos cumplir la tarea pendiente de los medios de comunicaci\u00f3n con las v\u00edctimas, con las personas que d\u00eda a d\u00eda luchan por la reivindicaci\u00f3n y visibilizaci\u00f3n de los Derechos Humanos. Este es el lugar para los ciudadanos, ingrediente activo de los procesos de cambio y reconocimiento de la sociedad.<\/p>\n<\/div>\n<h1><strong>\u00bfQui\u00e9nes somos?<\/strong><\/h1>\n<ul>\n<li>\n<p><img decoding=\"async\" src=\"\/periodismo\/wp-content\/uploads\/2024\/04\/jorge-galeano-848ecc89-1.jpeg\" alt=\"\" loading=\"lazy\"><\/p>\n<h3>Director<\/h3>\n<div>\n<h3 class=\"el-title uk-margin-top uk-margin-remove-bottom\" style=\"text-align: center;\">Jorge Luis Galeano<\/h3>\n<div class=\"el-content uk-panel uk-margin-top\">\n<p style=\"text-align: center;\">Comunicador Social-Periodista, docente universitario y un convencido de la necesidad de un ejercicio informativo m\u00e1s cercano a la comunidad y en defensa de los Derechos Humanos. El periodismo es y deber, un servicio p\u00fablico.\u00a0<\/p>\n<\/div>\n<\/div>\n<\/li>\n<li>\n<p><img decoding=\"async\" src=\"\/periodismo\/wp-content\/uploads\/2024\/04\/laura-cruz-a9536542.jpeg\" alt=\"\" loading=\"lazy\"><\/p>\n<h3>Periodista<\/h3>\n<div>\n<h3 class=\"el-title uk-margin-top uk-margin-remove-bottom\" style=\"text-align: center;\">Laura Carolina Cruz<\/h3>\n<div class=\"el-content uk-panel uk-margin-top\">\n<p style=\"text-align: center;\">Escribe para no putear.\u00a0 Hija adoptiva de Cali. Comunicadora Social Periodista. Cursa maestr\u00eda en Did\u00e1ctica de la Literatura. Lleva diez a\u00f1os ejerciendo el periodismo.\u00a0 Trabaja hace tres en Hechoencali.com. Ha realizado entregas para Baud\u00f3 AP y la Cola de Rata. Es reportera gr\u00e1fica en formaci\u00f3n. Y una desocupada lectora.<\/p>\n<\/div>\n<\/div>\n<\/li>\n<\/ul>\n<p><!--more--><br>\n<!-- {\"type\":\"layout\",\"children\":[{\"type\":\"section\",\"props\":{\"image_position\":\"center-center\",\"padding\":\"xsmall\",\"style\":\"primary\",\"title_breakpoint\":\"xl\",\"title_position\":\"top-left\",\"title_rotation\":\"left\",\"vertical_align\":\"middle\",\"width\":\"default\"},\"children\":[{\"type\":\"row\",\"children\":[{\"type\":\"column\",\"props\":{\"image_position\":\"center-center\",\"position_sticky_breakpoint\":\"m\"},\"children\":[{\"type\":\"headline\",\"props\":{\"content\":\"\n\n<p><strong>\\u00bfQu\\u00e9 hacemos?<\\\/strong><\\\/p>\",\"text_align\":\"center\",\"title_element\":\"h1\",\"title_style\":\"heading-medium\"}}]}]}]},{\"type\":\"section\",\"props\":{\"image_position\":\"center-center\",\"style\":\"default\",\"title_breakpoint\":\"xl\",\"title_position\":\"top-left\",\"title_rotation\":\"left\",\"vertical_align\":\"middle\",\"width\":\"default\"},\"children\":[{\"type\":\"row\",\"children\":[{\"type\":\"column\",\"props\":{\"image_position\":\"center-center\",\"position_sticky_breakpoint\":\"m\"},\"children\":[{\"type\":\"text\",\"props\":{\"column_breakpoint\":\"m\",\"content\":\"\n\n<p>Hechoencali.com es un medio de comunicaci\\u00f3n especializado en Derechos Humanos. No s\\u00f3lo registrando denuncias, sino tambi\\u00e9n su reivindicaci\\u00f3n y visibilizaci\\u00f3n. Las historias tienen car\\u00e1cter local, pero su esencia no tiene frontera, pues las abordamos teniendo sin olvidar el contexto global.<\\\/p>\\n\n\n<p>Las historias que contamos son el producto de investigaciones lejos del af\\u00e1n noticioso, pues creemos firmemente que la sociedad merece saber m\\u00e1s, conocer porqu\\u00e9 sucede lo que sucede y por eso Hechoencali.com es un espacio para reconocer los Derechos Humanos m\\u00e1s all\\u00e1 de esas cifras inertes, fr\\u00edas que desechan la esencia misma de la vida.<\\\/p>\\n\n\n<p>Nosotros vemos con preocupaci\\u00f3n que, generalmente, los derechos humanos son descritos en los medios de comunicaci\\u00f3n desde lo negativo (se nombran cuando alguno es violentado), cuando hay v\\u00edctimas o historias tristes para contar, pero en Hechoencali.com\\u00a0 buscamos aquellas que no se cuentan, que andan por ah\\u00ed sueltas mostrando las luchas por defenderlos.<\\\/p>\\n\n\n<p>En definitiva, buscamos cumplir la tarea pendiente de los medios de comunicaci\\u00f3n con las v\\u00edctimas, con las personas que d\\u00eda a d\\u00eda luchan por la reivindicaci\\u00f3n y visibilizaci\\u00f3n de los Derechos Humanos. Este es el lugar para los ciudadanos, ingrediente activo de los procesos de cambio y reconocimiento de la sociedad.<\\\/p>\",\"margin\":\"default\",\"text_align\":\"justify\"}}]}]}]},{\"type\":\"section\",\"props\":{\"image_position\":\"center-center\",\"padding\":\"xsmall\",\"style\":\"primary\",\"title_breakpoint\":\"xl\",\"title_position\":\"top-left\",\"title_rotation\":\"left\",\"vertical_align\":\"middle\",\"width\":\"default\"},\"children\":[{\"type\":\"row\",\"children\":[{\"type\":\"column\",\"props\":{\"image_position\":\"center-center\",\"position_sticky_breakpoint\":\"m\"},\"children\":[{\"type\":\"headline\",\"props\":{\"content\":\"<strong>\\u00bfQui\\u00e9nes somos?<\\\/strong>\",\"text_align\":\"center\",\"title_element\":\"h1\",\"title_style\":\"heading-medium\"}}]}]}]},{\"type\":\"section\",\"props\":{\"image_position\":\"center-center\",\"style\":\"default\",\"title_breakpoint\":\"xl\",\"title_position\":\"top-left\",\"title_rotation\":\"left\",\"vertical_align\":\"middle\",\"width\":\"default\"},\"children\":[{\"type\":\"row\",\"children\":[{\"type\":\"column\",\"props\":{\"image_position\":\"center-center\",\"position_sticky_breakpoint\":\"m\"},\"children\":[{\"type\":\"grid\",\"props\":{\"content_column_breakpoint\":\"m\",\"filter_align\":\"left\",\"filter_all\":true,\"filter_grid_breakpoint\":\"m\",\"filter_grid_width\":\"auto\",\"filter_position\":\"top\",\"filter_style\":\"tab\",\"grid_column_gap\":\"medium\",\"grid_default\":\"1\",\"grid_large\":\"2\",\"grid_medium\":\"3\",\"grid_small\":\"2\",\"icon_width\":80,\"image_align\":\"top\",\"image_grid_breakpoint\":\"m\",\"image_grid_width\":\"1-2\",\"image_svg_color\":\"emphasis\",\"item_animation\":true,\"link_style\":\"default\",\"link_text\":\"Read more\",\"margin\":\"default\",\"meta_align\":\"below-title\",\"meta_element\":\"div\",\"meta_style\":\"text-meta\",\"show_content\":true,\"show_image\":true,\"show_link\":true,\"show_meta\":true,\"show_title\":true,\"title_align\":\"top\",\"title_element\":\"h3\",\"title_grid_breakpoint\":\"m\",\"title_grid_width\":\"1-2\",\"title_hover_style\":\"reset\"},\"children\":[{\"type\":\"grid_item\",\"props\":{\"content\":\"\n\n<h3 class=\\\"el-title uk-margin-top uk-margin-remove-bottom\\\" style=\\\"text-align: center;\\\">Jorge Luis Galeano<\\\/h3>\\n\n\n<div class=\\\"el-content uk-panel uk-margin-top\\\">\\n\n\n<p style=\\\"text-align: center;\\\">Comunicador Social-Periodista, docente universitario y un convencido de la necesidad de un ejercicio informativo m\\u00e1s cercano a la comunidad y en defensa de los Derechos Humanos. El periodismo es y deber, un servicio p\\u00fablico.\\u00a0<\\\/p>\\n<\\\/div>\",\"image\":\"wp-content\\\/uploads\\\/2024\\\/04\\\/jorge-galeano-848ecc89-1.jpeg\",\"image_text_color\":\"light\",\"panel_style\":\"card-default\",\"title\":\"Director\"}},{\"type\":\"grid_item\",\"props\":{\"content\":\"\n\n<h3 class=\\\"el-title uk-margin-top uk-margin-remove-bottom\\\" style=\\\"text-align: center;\\\">Laura Carolina Cruz<\\\/h3>\\n\n\n<div class=\\\"el-content uk-panel uk-margin-top\\\">\\n\n\n<p style=\\\"text-align: center;\\\">Escribe para no putear.\\u00a0 Hija adoptiva de Cali. Comunicadora Social Periodista. Cursa maestr\\u00eda en Did\\u00e1ctica de la Literatura. Lleva diez a\\u00f1os ejerciendo el periodismo.\\u00a0 Trabaja hace tres en Hechoencali.com. Ha realizado entregas para Baud\\u00f3 AP y la Cola de Rata. Es reportera gr\\u00e1fica en formaci\\u00f3n. Y una desocupada lectora.<\\\/p>\\n<\\\/div>\",\"image\":\"wp-content\\\/uploads\\\/2024\\\/04\\\/laura-cruz-a9536542.jpeg\",\"panel_style\":\"card-default\",\"title\":\"Periodista\"}}]}]}]}]}],\"version\":\"4.3.11\"} --><\/p>\n<\/body>","protected":false},"excerpt":{"rendered":"<p>\u00bfQu\u00e9 hacemos? Hechoencali.com es un medio de comunicaci\u00f3n especializado en Derechos Humanos. No s\u00f3lo registrando denuncias, sino tambi\u00e9n su reivindicaci\u00f3n y visibilizaci\u00f3n. Las historias tienen car\u00e1cter local, pero su esencia no tiene frontera, pues las abordamos teniendo sin olvidar el contexto global. Las historias que contamos son el producto de investigaciones lejos del af\u00e1n noticioso, [&hellip;]<\/p>\n","protected":false},"author":1,"featured_media":441,"parent":0,"menu_order":0,"comment_status":"closed","ping_status":"closed","template":"","meta":{"_acf_changed":false,"om_disable_all_campaigns":false,"footnotes":""},"class_list":["post-86","page","type-page","status-publish","has-post-thumbnail","hentry"],"acf":[],"yoast_head":"<!-- This site is optimized with the Yoast SEO plugin v27.4 - https:\/\/yoast.com\/product\/yoast-seo-wordpress\/ -->\n<title>Nosotros - Hecho en Cali<\/title>\n<meta name=\"robots\" content=\"index, follow, max-snippet:-1, max-image-preview:large, max-video-preview:-1\" \/>\n<link rel=\"canonical\" href=\"https:\/\/hechoencali.com\/periodismo\/nosotros\/\" \/>\n<meta property=\"og:locale\" content=\"es_ES\" \/>\n<meta property=\"og:type\" content=\"article\" \/>\n<meta property=\"og:title\" content=\"Nosotros - Hecho en Cali\" \/>\n<meta property=\"og:description\" content=\"\u00bfQu\u00e9 hacemos? Hechoencali.com es un medio de comunicaci\u00f3n especializado en Derechos Humanos. No s\u00f3lo registrando denuncias, sino tambi\u00e9n su reivindicaci\u00f3n y visibilizaci\u00f3n. Las historias tienen car\u00e1cter local, pero su esencia no tiene frontera, pues las abordamos teniendo sin olvidar el contexto global. Las historias que contamos son el producto de investigaciones lejos del af\u00e1n noticioso, [&hellip;]\" \/>\n<meta property=\"og:url\" content=\"https:\/\/hechoencali.com\/periodismo\/nosotros\/\" \/>\n<meta property=\"og:site_name\" content=\"Hecho en Cali\" \/>\n<meta property=\"article:modified_time\" content=\"2024-04-18T22:08:21+00:00\" \/>\n<meta property=\"og:image\" content=\"https:\/\/hechoencali.com\/periodismo\/wp-content\/uploads\/2024\/04\/Recurso-8.png\" \/>\n\t<meta property=\"og:image:width\" content=\"1096\" \/>\n\t<meta property=\"og:image:height\" content=\"186\" \/>\n\t<meta property=\"og:image:type\" content=\"image\/png\" \/>\n<meta name=\"twitter:card\" content=\"summary_large_image\" \/>\n<meta name=\"twitter:label1\" content=\"Tiempo de lectura\" \/>\n\t<meta name=\"twitter:data1\" content=\"2 minutos\" \/>\n<script type=\"application\/ld+json\" class=\"yoast-schema-graph\">{\"@context\":\"https:\\\/\\\/schema.org\",\"@graph\":[{\"@type\":\"WebPage\",\"@id\":\"https:\\\/\\\/hechoencali.com\\\/periodismo\\\/nosotros\\\/\",\"url\":\"https:\\\/\\\/hechoencali.com\\\/periodismo\\\/nosotros\\\/\",\"name\":\"Nosotros - Hecho en Cali\",\"isPartOf\":{\"@id\":\"https:\\\/\\\/hechoencali.com\\\/periodismo\\\/#website\"},\"primaryImageOfPage\":{\"@id\":\"https:\\\/\\\/hechoencali.com\\\/periodismo\\\/nosotros\\\/#primaryimage\"},\"image\":{\"@id\":\"https:\\\/\\\/hechoencali.com\\\/periodismo\\\/nosotros\\\/#primaryimage\"},\"thumbnailUrl\":\"https:\\\/\\\/hechoencali.com\\\/periodismo\\\/wp-content\\\/uploads\\\/2024\\\/04\\\/Recurso-8.png\",\"datePublished\":\"2023-11-05T23:54:56+00:00\",\"dateModified\":\"2024-04-18T22:08:21+00:00\",\"breadcrumb\":{\"@id\":\"https:\\\/\\\/hechoencali.com\\\/periodismo\\\/nosotros\\\/#breadcrumb\"},\"inLanguage\":\"es\",\"potentialAction\":[{\"@type\":\"ReadAction\",\"target\":[\"https:\\\/\\\/hechoencali.com\\\/periodismo\\\/nosotros\\\/\"]}]},{\"@type\":\"ImageObject\",\"inLanguage\":\"es\",\"@id\":\"https:\\\/\\\/hechoencali.com\\\/periodismo\\\/nosotros\\\/#primaryimage\",\"url\":\"https:\\\/\\\/hechoencali.com\\\/periodismo\\\/wp-content\\\/uploads\\\/2024\\\/04\\\/Recurso-8.png\",\"contentUrl\":\"https:\\\/\\\/hechoencali.com\\\/periodismo\\\/wp-content\\\/uploads\\\/2024\\\/04\\\/Recurso-8.png\",\"width\":1096,\"height\":186},{\"@type\":\"BreadcrumbList\",\"@id\":\"https:\\\/\\\/hechoencali.com\\\/periodismo\\\/nosotros\\\/#breadcrumb\",\"itemListElement\":[{\"@type\":\"ListItem\",\"position\":1,\"name\":\"Portada\",\"item\":\"https:\\\/\\\/hechoencali.com\\\/periodismo\\\/\"},{\"@type\":\"ListItem\",\"position\":2,\"name\":\"Nosotros\"}]},{\"@type\":\"WebSite\",\"@id\":\"https:\\\/\\\/hechoencali.com\\\/periodismo\\\/#website\",\"url\":\"https:\\\/\\\/hechoencali.com\\\/periodismo\\\/\",\"name\":\"Hecho en Cali\",\"description\":\"Periodismo de Derechos Humanos\",\"publisher\":{\"@id\":\"https:\\\/\\\/hechoencali.com\\\/periodismo\\\/#organization\"},\"potentialAction\":[{\"@type\":\"SearchAction\",\"target\":{\"@type\":\"EntryPoint\",\"urlTemplate\":\"https:\\\/\\\/hechoencali.com\\\/periodismo\\\/?s={search_term_string}\"},\"query-input\":{\"@type\":\"PropertyValueSpecification\",\"valueRequired\":true,\"valueName\":\"search_term_string\"}}],\"inLanguage\":\"es\"},{\"@type\":\"Organization\",\"@id\":\"https:\\\/\\\/hechoencali.com\\\/periodismo\\\/#organization\",\"name\":\"Hecho en Cali\",\"url\":\"https:\\\/\\\/hechoencali.com\\\/periodismo\\\/\",\"logo\":{\"@type\":\"ImageObject\",\"inLanguage\":\"es\",\"@id\":\"https:\\\/\\\/hechoencali.com\\\/periodismo\\\/#\\\/schema\\\/logo\\\/image\\\/\",\"url\":\"https:\\\/\\\/hechoencali.com\\\/periodismo\\\/wp-content\\\/uploads\\\/2023\\\/09\\\/logoweb-d5deb173.png\",\"contentUrl\":\"https:\\\/\\\/hechoencali.com\\\/periodismo\\\/wp-content\\\/uploads\\\/2023\\\/09\\\/logoweb-d5deb173.png\",\"width\":120,\"height\":120,\"caption\":\"Hecho en Cali\"},\"image\":{\"@id\":\"https:\\\/\\\/hechoencali.com\\\/periodismo\\\/#\\\/schema\\\/logo\\\/image\\\/\"}}]}<\/script>\n<!-- \/ Yoast SEO plugin. -->","yoast_head_json":{"title":"Nosotros - Hecho en Cali","robots":{"index":"index","follow":"follow","max-snippet":"max-snippet:-1","max-image-preview":"max-image-preview:large","max-video-preview":"max-video-preview:-1"},"canonical":"https:\/\/hechoencali.com\/periodismo\/nosotros\/","og_locale":"es_ES","og_type":"article","og_title":"Nosotros - Hecho en Cali","og_description":"\u00bfQu\u00e9 hacemos? Hechoencali.com es un medio de comunicaci\u00f3n especializado en Derechos Humanos. No s\u00f3lo registrando denuncias, sino tambi\u00e9n su reivindicaci\u00f3n y visibilizaci\u00f3n. Las historias tienen car\u00e1cter local, pero su esencia no tiene frontera, pues las abordamos teniendo sin olvidar el contexto global. Las historias que contamos son el producto de investigaciones lejos del af\u00e1n noticioso, [&hellip;]","og_url":"https:\/\/hechoencali.com\/periodismo\/nosotros\/","og_site_name":"Hecho en Cali","article_modified_time":"2024-04-18T22:08:21+00:00","og_image":[{"width":1096,"height":186,"url":"https:\/\/hechoencali.com\/periodismo\/wp-content\/uploads\/2024\/04\/Recurso-8.png","type":"image\/png"}],"twitter_card":"summary_large_image","twitter_misc":{"Tiempo de lectura":"2 minutos"},"schema":{"@context":"https:\/\/schema.org","@graph":[{"@type":"WebPage","@id":"https:\/\/hechoencali.com\/periodismo\/nosotros\/","url":"https:\/\/hechoencali.com\/periodismo\/nosotros\/","name":"Nosotros - Hecho en Cali","isPartOf":{"@id":"https:\/\/hechoencali.com\/periodismo\/#website"},"primaryImageOfPage":{"@id":"https:\/\/hechoencali.com\/periodismo\/nosotros\/#primaryimage"},"image":{"@id":"https:\/\/hechoencali.com\/periodismo\/nosotros\/#primaryimage"},"thumbnailUrl":"https:\/\/hechoencali.com\/periodismo\/wp-content\/uploads\/2024\/04\/Recurso-8.png","datePublished":"2023-11-05T23:54:56+00:00","dateModified":"2024-04-18T22:08:21+00:00","breadcrumb":{"@id":"https:\/\/hechoencali.com\/periodismo\/nosotros\/#breadcrumb"},"inLanguage":"es","potentialAction":[{"@type":"ReadAction","target":["https:\/\/hechoencali.com\/periodismo\/nosotros\/"]}]},{"@type":"ImageObject","inLanguage":"es","@id":"https:\/\/hechoencali.com\/periodismo\/nosotros\/#primaryimage","url":"https:\/\/hechoencali.com\/periodismo\/wp-content\/uploads\/2024\/04\/Recurso-8.png","contentUrl":"https:\/\/hechoencali.com\/periodismo\/wp-content\/uploads\/2024\/04\/Recurso-8.png","width":1096,"height":186},{"@type":"BreadcrumbList","@id":"https:\/\/hechoencali.com\/periodismo\/nosotros\/#breadcrumb","itemListElement":[{"@type":"ListItem","position":1,"name":"Portada","item":"https:\/\/hechoencali.com\/periodismo\/"},{"@type":"ListItem","position":2,"name":"Nosotros"}]},{"@type":"WebSite","@id":"https:\/\/hechoencali.com\/periodismo\/#website","url":"https:\/\/hechoencali.com\/periodismo\/","name":"Hecho en Cali","description":"Periodismo de Derechos Humanos","publisher":{"@id":"https:\/\/hechoencali.com\/periodismo\/#organization"},"potentialAction":[{"@type":"SearchAction","target":{"@type":"EntryPoint","urlTemplate":"https:\/\/hechoencali.com\/periodismo\/?s={search_term_string}"},"query-input":{"@type":"PropertyValueSpecification","valueRequired":true,"valueName":"search_term_string"}}],"inLanguage":"es"},{"@type":"Organization","@id":"https:\/\/hechoencali.com\/periodismo\/#organization","name":"Hecho en Cali","url":"https:\/\/hechoencali.com\/periodismo\/","logo":{"@type":"ImageObject","inLanguage":"es","@id":"https:\/\/hechoencali.com\/periodismo\/#\/schema\/logo\/image\/","url":"https:\/\/hechoencali.com\/periodismo\/wp-content\/uploads\/2023\/09\/logoweb-d5deb173.png","contentUrl":"https:\/\/hechoencali.com\/periodismo\/wp-content\/uploads\/2023\/09\/logoweb-d5deb173.png","width":120,"height":120,"caption":"Hecho en Cali"},"image":{"@id":"https:\/\/hechoencali.com\/periodismo\/#\/schema\/logo\/image\/"}}]}},"_links":{"self":[{"href":"https:\/\/hechoencali.com\/periodismo\/wp-json\/wp\/v2\/pages\/86","targetHints":{"allow":["GET"]}}],"collection":[{"href":"https:\/\/hechoencali.com\/periodismo\/wp-json\/wp\/v2\/pages"}],"about":[{"href":"https:\/\/hechoencali.com\/periodismo\/wp-json\/wp\/v2\/types\/page"}],"author":[{"embeddable":true,"href":"https:\/\/hechoencali.com\/periodismo\/wp-json\/wp\/v2\/users\/1"}],"replies":[{"embeddable":true,"href":"https:\/\/hechoencali.com\/periodismo\/wp-json\/wp\/v2\/comments?post=86"}],"version-history":[{"count":6,"href":"https:\/\/hechoencali.com\/periodismo\/wp-json\/wp\/v2\/pages\/86\/revisions"}],"predecessor-version":[{"id":449,"href":"https:\/\/hechoencali.com\/periodismo\/wp-json\/wp\/v2\/pages\/86\/revisions\/449"}],"wp:featuredmedia":[{"embeddable":true,"href":"https:\/\/hechoencali.com\/periodismo\/wp-json\/wp\/v2\/media\/441"}],"wp:attachment":[{"href":"https:\/\/hechoencali.com\/periodismo\/wp-json\/wp\/v2\/media?parent=86"}],"curies":[{"name":"wp","href":"https:\/\/api.w.org\/{rel}","templated":true}]}}