{"id":1473,"date":"2025-07-31T16:11:27","date_gmt":"2025-07-31T16:11:27","guid":{"rendered":"https:\/\/hechoencali.com\/periodismo\/?page_id=1473"},"modified":"2025-07-31T16:12:43","modified_gmt":"2025-07-31T16:12:43","slug":"galeria-de-fotos","status":"publish","type":"page","link":"https:\/\/hechoencali.com\/periodismo\/multimedia\/galeria-de-fotos\/","title":{"rendered":"Galer\u00eda de Fotos"},"content":{"rendered":"<body><p><\/p>\n<ul>\n<li>\n<p>        <img decoding=\"async\" src=\"\/periodismo\/wp-content\/uploads\/2025\/01\/Seccion-Da-Vinci.png\" alt=\"\" loading=\"lazy\"><\/p>\n<h3>Secci\u00f3n Da Vinci<\/h3>\n<p><a href=\"https:\/\/hechoencali.com\/periodismo\/2025\/01\/06\/la-educacion-es-la-clave\/\">ESCUCHAR AQU\u00cd<\/a><\/p>\n<\/li>\n<li>\n<p>        <img decoding=\"async\" src=\"\/periodismo\/wp-content\/uploads\/2024\/12\/Banner-fotoreportaje.png\" alt=\"\" loading=\"lazy\"><\/p>\n<h3>Banner fotoreportaje<\/h3>\n<p><a href=\"https:\/\/hechoencali.com\/periodismo\/2024\/12\/24\/mevico-espacio-para-la-memoria-y-la-justicia\/\">ver m\u00e1s<\/a><\/p>\n<\/li>\n<li>\n<p>        <img decoding=\"async\" src=\"\/periodismo\/wp-content\/uploads\/2024\/11\/Seccion-Podcast-2.png\" alt=\"\" loading=\"lazy\"><\/p>\n<h3>Secci\u00f3n Podcast 2<\/h3>\n<p><a href=\"https:\/\/hechoencali.com\/periodismo\/2024\/11\/22\/falsos-positivos-en-colombia-memoria-y-justicia\/\">ver <\/a><\/p>\n<\/li>\n<li>\n<p>        <img decoding=\"async\" src=\"\/periodismo\/wp-content\/uploads\/2024\/10\/Seccion-SINCHI.png\" alt=\"\" loading=\"lazy\"><\/p>\n<h3>Secci\u00f3n SINCHI<\/h3>\n<p><a href=\"https:\/\/hechoencali.com\/periodismo\/2024\/10\/23\/cop16-biodiversidad-amazonica-en-cali\/\">VER AQU\u00cd<\/a><\/p>\n<\/li>\n<\/ul>\n<div>\n<\/div>\n<p><!--more--><br>\n<!-- {\"type\":\"layout\",\"children\":[{\"type\":\"section\",\"props\":{\"animation\":\"slide-right-small\",\"header_transparent\":true,\"header_transparent_text_color\":\"dark\",\"height\":\"page\",\"image_position\":\"center-center\",\"padding\":\"none\",\"style\":\"default\",\"title_breakpoint\":\"xl\",\"title_position\":\"top-left\",\"title_rotation\":\"left\",\"vertical_align\":\"\",\"width\":\"\"},\"children\":[{\"type\":\"row\",\"children\":[{\"type\":\"column\",\"props\":{\"image_position\":\"center-center\",\"position_sticky_breakpoint\":\"m\"},\"children\":[{\"type\":\"slideshow\",\"props\":{\"animation\":\"parallax\",\"link_fullwidth\":true,\"link_parallax_scale\":\"3.6\",\"link_parallax_x\":\"200\",\"link_style\":\"default\",\"link_target\":true,\"link_text\":\"Read more\",\"margin\":\"\",\"margin_remove_bottom\":true,\"margin_remove_top\":true,\"meta_align\":\"below-title\",\"meta_element\":\"div\",\"meta_style\":\"text-meta\",\"nav\":\"dotnav\",\"nav_align\":\"center\",\"nav_breakpoint\":\"s\",\"nav_position\":\"bottom-center\",\"nav_position_margin\":\"\",\"overlay_animation\":\"parallax\",\"overlay_container\":\"xlarge\",\"overlay_container_padding\":\"xlarge\",\"overlay_margin\":\"none\",\"overlay_position\":\"center-left\",\"show_content\":false,\"show_link\":true,\"show_meta\":false,\"show_thumbnail\":true,\"show_title\":false,\"slidenav\":\"default\",\"slidenav_breakpoint\":\"s\",\"slidenav_margin\":\"medium\",\"slidenav_outside_breakpoint\":\"xl\",\"slideshow_autoplay_pause\":true,\"slideshow_height\":\"viewport\",\"slideshow_height_viewport\":80,\"slideshow_min_height\":300,\"thumbnav_height\":\"75\",\"thumbnav_svg_color\":\"emphasis\",\"thumbnav_width\":\"100\",\"title_element\":\"h3\"},\"children\":[{\"type\":\"slideshow_item\",\"props\":{\"image\":\"wp-content\\\/uploads\\\/2025\\\/01\\\/Seccion-Da-Vinci.png\",\"link\":\"https:\\\/\\\/hechoencali.com\\\/periodismo\\\/2025\\\/01\\\/06\\\/la-educacion-es-la-clave\\\/\",\"link_text\":\"ESCUCHAR AQU\\u00cd\",\"title\":\"Secci\\u00f3n Da Vinci\"}},{\"type\":\"slideshow_item\",\"props\":{\"image\":\"wp-content\\\/uploads\\\/2024\\\/12\\\/Banner-fotoreportaje.png\",\"link\":\"https:\\\/\\\/hechoencali.com\\\/periodismo\\\/2024\\\/12\\\/24\\\/mevico-espacio-para-la-memoria-y-la-justicia\\\/\",\"link_text\":\"ver m\\u00e1s\",\"title\":\"Banner fotoreportaje\"}},{\"type\":\"slideshow_item\",\"props\":{\"image\":\"wp-content\\\/uploads\\\/2024\\\/11\\\/Seccion-Podcast-2.png\",\"link\":\"https:\\\/\\\/hechoencali.com\\\/periodismo\\\/2024\\\/11\\\/22\\\/falsos-positivos-en-colombia-memoria-y-justicia\\\/\",\"link_text\":\"ver \",\"title\":\"Secci\\u00f3n Podcast 2\"}},{\"type\":\"slideshow_item\",\"props\":{\"image\":\"wp-content\\\/uploads\\\/2024\\\/10\\\/Seccion-SINCHI.png\",\"link\":\"https:\\\/\\\/hechoencali.com\\\/periodismo\\\/2024\\\/10\\\/23\\\/cop16-biodiversidad-amazonica-en-cali\\\/\",\"link_text\":\"VER AQU\\u00cd\",\"title\":\"Secci\\u00f3n SINCHI\"}}]}]}]}],\"name\":\"BANNER PRINCIPAL MULTIMEDIA\"},{\"type\":\"section\",\"props\":{\"image_position\":\"center-center\",\"style\":\"default\",\"title_breakpoint\":\"xl\",\"title_position\":\"top-left\",\"title_rotation\":\"left\",\"vertical_align\":\"middle\",\"width\":\"default\"},\"children\":[{\"type\":\"row\",\"children\":[{\"type\":\"column\",\"props\":{\"image_position\":\"center-center\",\"position_sticky_breakpoint\":\"m\"},\"children\":[{\"type\":\"grid\",\"props\":{\"content_column_breakpoint\":\"m\",\"css\":\".el-item {\\nborder-radius:10px;\\nbox-shadow: 0px 4px 30px rgba(0, 0, 0, 0.1);\\n}\\n\\n.el-image {\\n\\nborder-radius:10px 10px 0px 0px;\\n\\n}\",\"filter_align\":\"left\",\"filter_all\":true,\"filter_grid_breakpoint\":\"m\",\"filter_grid_width\":\"auto\",\"filter_position\":\"top\",\"filter_style\":\"tab\",\"grid_default\":\"1\",\"grid_medium\":\"3\",\"grid_parallax\":\"0\",\"grid_small\":\"2\",\"icon_width\":80,\"image_align\":\"top\",\"image_grid_breakpoint\":\"m\",\"image_grid_width\":\"1-2\",\"image_svg_color\":\"emphasis\",\"item_animation\":true,\"link_style\":\"primary\",\"link_text\":\"Leer m\\u00e1s\",\"margin\":\"default\",\"meta_align\":\"above-title\",\"meta_element\":\"div\",\"meta_style\":\"text-meta\",\"panel_image_no_padding\":true,\"panel_padding\":\"default\",\"panel_style\":\"tile-muted\",\"show_content\":true,\"show_image\":true,\"show_link\":true,\"show_meta\":true,\"show_title\":true,\"title_align\":\"top\",\"title_element\":\"h2\",\"title_grid_breakpoint\":\"m\",\"title_grid_width\":\"1-2\",\"title_hover_style\":\"reset\"},\"children\":[{\"type\":\"grid_item\",\"source\":{\"query\":{\"name\":\"posts.customPosts\",\"arguments\":{\"terms\":[9],\"category_operator\":\"IN\",\"post_tag_operator\":\"IN\",\"users\":[],\"users_operator\":\"IN\",\"offset\":0,\"limit\":200,\"order\":\"date\",\"order_direction\":\"DESC\"}},\"props\":{\"title\":{\"filters\":{\"search\":\"\",\"limit\":33},\"name\":\"title\"},\"meta\":{\"filters\":{\"search\":\"\",\"date\":\"\"},\"name\":\"date\"},\"content\":{\"filters\":{\"search\":\"\",\"limit\":60},\"arguments\":{\"show_intro_text\":true},\"name\":\"content\"},\"image\":{\"filters\":{\"search\":\"\"},\"name\":\"featuredImage.url\"},\"image_alt\":{\"filters\":{\"search\":\"\"},\"name\":\"title\"},\"link\":{\"filters\":{\"search\":\"\"},\"name\":\"link\"}}}}]}]}]}]}],\"version\":\"4.4.8\"} --><\/p>\n<\/body>","protected":false},"excerpt":{"rendered":"<p>Secci\u00f3n Da Vinci ESCUCHAR AQU\u00cd Banner fotoreportaje ver m\u00e1s Secci\u00f3n Podcast 2 ver Secci\u00f3n SINCHI VER AQU\u00cd<\/p>\n","protected":false},"author":1,"featured_media":729,"parent":80,"menu_order":0,"comment_status":"closed","ping_status":"closed","template":"","meta":{"_acf_changed":false,"om_disable_all_campaigns":false,"footnotes":""},"class_list":["post-1473","page","type-page","status-publish","has-post-thumbnail","hentry"],"acf":[],"yoast_head":"<!-- This site is optimized with the Yoast SEO plugin v27.4 - https:\/\/yoast.com\/product\/yoast-seo-wordpress\/ -->\n<title>Galer\u00eda de Fotos - Hecho en Cali<\/title>\n<meta name=\"robots\" content=\"index, follow, max-snippet:-1, max-image-preview:large, max-video-preview:-1\" \/>\n<link rel=\"canonical\" href=\"https:\/\/hechoencali.com\/periodismo\/multimedia\/galeria-de-fotos\/\" \/>\n<meta property=\"og:locale\" content=\"es_ES\" \/>\n<meta property=\"og:type\" content=\"article\" \/>\n<meta property=\"og:title\" content=\"Galer\u00eda de Fotos - Hecho en Cali\" \/>\n<meta property=\"og:description\" content=\"Secci\u00f3n Da Vinci ESCUCHAR AQU\u00cd Banner fotoreportaje ver m\u00e1s Secci\u00f3n Podcast 2 ver Secci\u00f3n SINCHI VER AQU\u00cd\" \/>\n<meta property=\"og:url\" content=\"https:\/\/hechoencali.com\/periodismo\/multimedia\/galeria-de-fotos\/\" \/>\n<meta property=\"og:site_name\" content=\"Hecho en Cali\" \/>\n<meta property=\"article:modified_time\" content=\"2025-07-31T16:12:43+00:00\" \/>\n<meta property=\"og:image\" content=\"https:\/\/hechoencali.com\/periodismo\/wp-content\/uploads\/2024\/07\/Web-Mesa.png\" \/>\n\t<meta property=\"og:image:width\" content=\"1366\" \/>\n\t<meta property=\"og:image:height\" content=\"768\" \/>\n\t<meta property=\"og:image:type\" content=\"image\/png\" \/>\n<meta name=\"twitter:card\" content=\"summary_large_image\" \/>\n<script type=\"application\/ld+json\" class=\"yoast-schema-graph\">{\"@context\":\"https:\\\/\\\/schema.org\",\"@graph\":[{\"@type\":\"WebPage\",\"@id\":\"https:\\\/\\\/hechoencali.com\\\/periodismo\\\/multimedia\\\/galeria-de-fotos\\\/\",\"url\":\"https:\\\/\\\/hechoencali.com\\\/periodismo\\\/multimedia\\\/galeria-de-fotos\\\/\",\"name\":\"Galer\u00eda de Fotos - Hecho en Cali\",\"isPartOf\":{\"@id\":\"https:\\\/\\\/hechoencali.com\\\/periodismo\\\/#website\"},\"primaryImageOfPage\":{\"@id\":\"https:\\\/\\\/hechoencali.com\\\/periodismo\\\/multimedia\\\/galeria-de-fotos\\\/#primaryimage\"},\"image\":{\"@id\":\"https:\\\/\\\/hechoencali.com\\\/periodismo\\\/multimedia\\\/galeria-de-fotos\\\/#primaryimage\"},\"thumbnailUrl\":\"https:\\\/\\\/hechoencali.com\\\/periodismo\\\/wp-content\\\/uploads\\\/2024\\\/07\\\/Web-Mesa.png\",\"datePublished\":\"2025-07-31T16:11:27+00:00\",\"dateModified\":\"2025-07-31T16:12:43+00:00\",\"breadcrumb\":{\"@id\":\"https:\\\/\\\/hechoencali.com\\\/periodismo\\\/multimedia\\\/galeria-de-fotos\\\/#breadcrumb\"},\"inLanguage\":\"es\",\"potentialAction\":[{\"@type\":\"ReadAction\",\"target\":[\"https:\\\/\\\/hechoencali.com\\\/periodismo\\\/multimedia\\\/galeria-de-fotos\\\/\"]}]},{\"@type\":\"ImageObject\",\"inLanguage\":\"es\",\"@id\":\"https:\\\/\\\/hechoencali.com\\\/periodismo\\\/multimedia\\\/galeria-de-fotos\\\/#primaryimage\",\"url\":\"https:\\\/\\\/hechoencali.com\\\/periodismo\\\/wp-content\\\/uploads\\\/2024\\\/07\\\/Web-Mesa.png\",\"contentUrl\":\"https:\\\/\\\/hechoencali.com\\\/periodismo\\\/wp-content\\\/uploads\\\/2024\\\/07\\\/Web-Mesa.png\",\"width\":1366,\"height\":768},{\"@type\":\"BreadcrumbList\",\"@id\":\"https:\\\/\\\/hechoencali.com\\\/periodismo\\\/multimedia\\\/galeria-de-fotos\\\/#breadcrumb\",\"itemListElement\":[{\"@type\":\"ListItem\",\"position\":1,\"name\":\"Portada\",\"item\":\"https:\\\/\\\/hechoencali.com\\\/periodismo\\\/\"},{\"@type\":\"ListItem\",\"position\":2,\"name\":\"Multimedia\",\"item\":\"https:\\\/\\\/hechoencali.com\\\/periodismo\\\/multimedia\\\/\"},{\"@type\":\"ListItem\",\"position\":3,\"name\":\"Galer\u00eda de Fotos\"}]},{\"@type\":\"WebSite\",\"@id\":\"https:\\\/\\\/hechoencali.com\\\/periodismo\\\/#website\",\"url\":\"https:\\\/\\\/hechoencali.com\\\/periodismo\\\/\",\"name\":\"Hecho en Cali\",\"description\":\"Periodismo de Derechos Humanos\",\"publisher\":{\"@id\":\"https:\\\/\\\/hechoencali.com\\\/periodismo\\\/#organization\"},\"potentialAction\":[{\"@type\":\"SearchAction\",\"target\":{\"@type\":\"EntryPoint\",\"urlTemplate\":\"https:\\\/\\\/hechoencali.com\\\/periodismo\\\/?s={search_term_string}\"},\"query-input\":{\"@type\":\"PropertyValueSpecification\",\"valueRequired\":true,\"valueName\":\"search_term_string\"}}],\"inLanguage\":\"es\"},{\"@type\":\"Organization\",\"@id\":\"https:\\\/\\\/hechoencali.com\\\/periodismo\\\/#organization\",\"name\":\"Hecho en Cali\",\"url\":\"https:\\\/\\\/hechoencali.com\\\/periodismo\\\/\",\"logo\":{\"@type\":\"ImageObject\",\"inLanguage\":\"es\",\"@id\":\"https:\\\/\\\/hechoencali.com\\\/periodismo\\\/#\\\/schema\\\/logo\\\/image\\\/\",\"url\":\"https:\\\/\\\/hechoencali.com\\\/periodismo\\\/wp-content\\\/uploads\\\/2023\\\/09\\\/logoweb-d5deb173.png\",\"contentUrl\":\"https:\\\/\\\/hechoencali.com\\\/periodismo\\\/wp-content\\\/uploads\\\/2023\\\/09\\\/logoweb-d5deb173.png\",\"width\":120,\"height\":120,\"caption\":\"Hecho en Cali\"},\"image\":{\"@id\":\"https:\\\/\\\/hechoencali.com\\\/periodismo\\\/#\\\/schema\\\/logo\\\/image\\\/\"}}]}<\/script>\n<!-- \/ Yoast SEO plugin. -->","yoast_head_json":{"title":"Galer\u00eda de Fotos - Hecho en Cali","robots":{"index":"index","follow":"follow","max-snippet":"max-snippet:-1","max-image-preview":"max-image-preview:large","max-video-preview":"max-video-preview:-1"},"canonical":"https:\/\/hechoencali.com\/periodismo\/multimedia\/galeria-de-fotos\/","og_locale":"es_ES","og_type":"article","og_title":"Galer\u00eda de Fotos - Hecho en Cali","og_description":"Secci\u00f3n Da Vinci ESCUCHAR AQU\u00cd Banner fotoreportaje ver m\u00e1s Secci\u00f3n Podcast 2 ver Secci\u00f3n SINCHI VER AQU\u00cd","og_url":"https:\/\/hechoencali.com\/periodismo\/multimedia\/galeria-de-fotos\/","og_site_name":"Hecho en Cali","article_modified_time":"2025-07-31T16:12:43+00:00","og_image":[{"width":1366,"height":768,"url":"https:\/\/hechoencali.com\/periodismo\/wp-content\/uploads\/2024\/07\/Web-Mesa.png","type":"image\/png"}],"twitter_card":"summary_large_image","schema":{"@context":"https:\/\/schema.org","@graph":[{"@type":"WebPage","@id":"https:\/\/hechoencali.com\/periodismo\/multimedia\/galeria-de-fotos\/","url":"https:\/\/hechoencali.com\/periodismo\/multimedia\/galeria-de-fotos\/","name":"Galer\u00eda de Fotos - Hecho en Cali","isPartOf":{"@id":"https:\/\/hechoencali.com\/periodismo\/#website"},"primaryImageOfPage":{"@id":"https:\/\/hechoencali.com\/periodismo\/multimedia\/galeria-de-fotos\/#primaryimage"},"image":{"@id":"https:\/\/hechoencali.com\/periodismo\/multimedia\/galeria-de-fotos\/#primaryimage"},"thumbnailUrl":"https:\/\/hechoencali.com\/periodismo\/wp-content\/uploads\/2024\/07\/Web-Mesa.png","datePublished":"2025-07-31T16:11:27+00:00","dateModified":"2025-07-31T16:12:43+00:00","breadcrumb":{"@id":"https:\/\/hechoencali.com\/periodismo\/multimedia\/galeria-de-fotos\/#breadcrumb"},"inLanguage":"es","potentialAction":[{"@type":"ReadAction","target":["https:\/\/hechoencali.com\/periodismo\/multimedia\/galeria-de-fotos\/"]}]},{"@type":"ImageObject","inLanguage":"es","@id":"https:\/\/hechoencali.com\/periodismo\/multimedia\/galeria-de-fotos\/#primaryimage","url":"https:\/\/hechoencali.com\/periodismo\/wp-content\/uploads\/2024\/07\/Web-Mesa.png","contentUrl":"https:\/\/hechoencali.com\/periodismo\/wp-content\/uploads\/2024\/07\/Web-Mesa.png","width":1366,"height":768},{"@type":"BreadcrumbList","@id":"https:\/\/hechoencali.com\/periodismo\/multimedia\/galeria-de-fotos\/#breadcrumb","itemListElement":[{"@type":"ListItem","position":1,"name":"Portada","item":"https:\/\/hechoencali.com\/periodismo\/"},{"@type":"ListItem","position":2,"name":"Multimedia","item":"https:\/\/hechoencali.com\/periodismo\/multimedia\/"},{"@type":"ListItem","position":3,"name":"Galer\u00eda de Fotos"}]},{"@type":"WebSite","@id":"https:\/\/hechoencali.com\/periodismo\/#website","url":"https:\/\/hechoencali.com\/periodismo\/","name":"Hecho en Cali","description":"Periodismo de Derechos Humanos","publisher":{"@id":"https:\/\/hechoencali.com\/periodismo\/#organization"},"potentialAction":[{"@type":"SearchAction","target":{"@type":"EntryPoint","urlTemplate":"https:\/\/hechoencali.com\/periodismo\/?s={search_term_string}"},"query-input":{"@type":"PropertyValueSpecification","valueRequired":true,"valueName":"search_term_string"}}],"inLanguage":"es"},{"@type":"Organization","@id":"https:\/\/hechoencali.com\/periodismo\/#organization","name":"Hecho en Cali","url":"https:\/\/hechoencali.com\/periodismo\/","logo":{"@type":"ImageObject","inLanguage":"es","@id":"https:\/\/hechoencali.com\/periodismo\/#\/schema\/logo\/image\/","url":"https:\/\/hechoencali.com\/periodismo\/wp-content\/uploads\/2023\/09\/logoweb-d5deb173.png","contentUrl":"https:\/\/hechoencali.com\/periodismo\/wp-content\/uploads\/2023\/09\/logoweb-d5deb173.png","width":120,"height":120,"caption":"Hecho en Cali"},"image":{"@id":"https:\/\/hechoencali.com\/periodismo\/#\/schema\/logo\/image\/"}}]}},"_links":{"self":[{"href":"https:\/\/hechoencali.com\/periodismo\/wp-json\/wp\/v2\/pages\/1473","targetHints":{"allow":["GET"]}}],"collection":[{"href":"https:\/\/hechoencali.com\/periodismo\/wp-json\/wp\/v2\/pages"}],"about":[{"href":"https:\/\/hechoencali.com\/periodismo\/wp-json\/wp\/v2\/types\/page"}],"author":[{"embeddable":true,"href":"https:\/\/hechoencali.com\/periodismo\/wp-json\/wp\/v2\/users\/1"}],"replies":[{"embeddable":true,"href":"https:\/\/hechoencali.com\/periodismo\/wp-json\/wp\/v2\/comments?post=1473"}],"version-history":[{"count":2,"href":"https:\/\/hechoencali.com\/periodismo\/wp-json\/wp\/v2\/pages\/1473\/revisions"}],"predecessor-version":[{"id":1475,"href":"https:\/\/hechoencali.com\/periodismo\/wp-json\/wp\/v2\/pages\/1473\/revisions\/1475"}],"up":[{"embeddable":true,"href":"https:\/\/hechoencali.com\/periodismo\/wp-json\/wp\/v2\/pages\/80"}],"wp:featuredmedia":[{"embeddable":true,"href":"https:\/\/hechoencali.com\/periodismo\/wp-json\/wp\/v2\/media\/729"}],"wp:attachment":[{"href":"https:\/\/hechoencali.com\/periodismo\/wp-json\/wp\/v2\/media?parent=1473"}],"curies":[{"name":"wp","href":"https:\/\/api.w.org\/{rel}","templated":true}]}}